{"id":38,"date":"2017-02-20T12:01:46","date_gmt":"2017-02-20T12:01:46","guid":{"rendered":"http:\/\/sanlo.es\/?page_id=38"},"modified":"2018-04-11T13:38:16","modified_gmt":"2018-04-11T13:38:16","slug":"la-empresa","status":"publish","type":"page","link":"https:\/\/sanlo.es\/de\/la-empresa\/","title":{"rendered":"UNTERNEHMEN"},"content":{"rendered":"<p>[et_pb_section admin_label=&#8220;Secci\u00f3n&#8220; transparent_background=&#8220;off&#8220; background_color=&#8220;#051d5b&#8220; allow_player_pause=&#8220;off&#8220; inner_shadow=&#8220;off&#8220; parallax=&#8220;off&#8220; parallax_method=&#8220;off&#8220; make_fullwidth=&#8220;off&#8220; use_custom_width=&#8220;off&#8220; width_unit=&#8220;on&#8220; custom_width_px=&#8220;1080px&#8220; custom_width_percent=&#8220;80%&#8220; make_equal=&#8220;off&#8220; use_custom_gutter=&#8220;off&#8220; fullwidth=&#8220;on&#8220; specialty=&#8220;off&#8220; disabled=&#8220;off&#8220;][et_pb_fullwidth_post_title admin_label=&#8220;T\u00edtulo de publicaci\u00f3n de anchura completa&#8220; title=&#8220;on&#8220; meta=&#8220;off&#8220; author=&#8220;off&#8220; date=&#8220;off&#8220; date_format=&#8220;M j, Y&#8220; categories=&#8220;off&#8220; comments=&#8220;off&#8220; featured_image=&#8220;off&#8220; featured_placement=&#8220;below&#8220; parallax_effect=&#8220;on&#8220; parallax_method=&#8220;on&#8220; text_orientation=&#8220;left&#8220; text_color=&#8220;light&#8220; text_background=&#8220;off&#8220; text_bg_color=&#8220;#131c4e&#8220; title_font_size=&#8220;39px&#8220; use_border_color=&#8220;off&#8220; border_color=&#8220;#ffffff&#8220; border_width=&#8220;1px&#8220; border_style=&#8220;solid&#8220; custom_margin=&#8220;|||&#8220; custom_padding=&#8220;3em|1em|3em|1em&#8220; disabled=&#8220;off&#8220;] [\/et_pb_fullwidth_post_title][\/et_pb_section][et_pb_section admin_label=&#8220;section&#8220; transparent_background=&#8220;off&#8220; allow_player_pause=&#8220;off&#8220; inner_shadow=&#8220;off&#8220; parallax=&#8220;off&#8220; parallax_method=&#8220;on&#8220; make_fullwidth=&#8220;off&#8220; use_custom_width=&#8220;off&#8220; width_unit=&#8220;off&#8220; custom_width_px=&#8220;1080px&#8220; custom_width_percent=&#8220;80%&#8220; make_equal=&#8220;off&#8220; use_custom_gutter=&#8220;off&#8220; fullwidth=&#8220;off&#8220; specialty=&#8220;off&#8220; disabled=&#8220;off&#8220;][et_pb_row admin_label=&#8220;Fila&#8220;][et_pb_column type=&#8220;1_2&#8243;][et_pb_gallery admin_label=&#8220;Galer\u00eda&#8220; gallery_ids=&#8220;121,125&#8243; fullwidth=&#8220;on&#8220; show_title_and_caption=&#8220;on&#8220; show_pagination=&#8220;off&#8220; background_layout=&#8220;light&#8220; auto=&#8220;on&#8220; auto_speed=&#8220;5000&#8243; hover_overlay_color=&#8220;rgba(255,255,255,0.9)&#8220; use_border_color=&#8220;off&#8220; border_color=&#8220;#ffffff&#8220; border_style=&#8220;solid&#8220;] [\/et_pb_gallery][\/et_pb_column][et_pb_column type=&#8220;1_2&#8243;][et_pb_text admin_label=&#8220;Text&#8220; background_layout=&#8220;light&#8220; text_orientation=&#8220;left&#8220; use_border_color=&#8220;off&#8220; border_style=&#8220;solid&#8220; disabled=&#8220;off&#8220; border_color=&#8220;#ffffff&#8220;]<\/p>\n<div id=\"contenido\">\n<h2>Ab 1.965<\/h2>\n<div id=\"col_cont_drcha\">\n<p class=\"texto\">In den 70er Jahren wurden Metallwaren f\u00fcr die Hausger\u00e4teindustrie hergestellt.<\/p>\n<p>In den 80er Jahren wurde eine neue Anlage auf der Industriegel\u00e4nde &#8222;El Arenal&#8220; in San Adri\u00e1n (Navarra) aufgebaut. Da fing unsere Zulieferung von Kraftfahrzeugteile an verschiedene Kunden an.<\/p>\n<p>Sanlo Industrie ist gegenw\u00e4rtig in der Herstellung von Rohr-, Blech- und Stabmetallwaren t\u00e4tig. Schneide-, Verformungs-, Biege-, Pr\u00e4ge-, und Schweisseverfahren werden praktiziert, sowie besondere Techniken des Kraftfahrzeugsektors.<\/p>\n<p>Sanlo Industrie versorgt die in- und ausl\u00e4ndische f\u00fchrenden Lieferanten der Automobilindustrie mit Erstbest\u00fcckung.<\/p>\n<\/div>\n<\/div>\n<p>[\/et_pb_text][\/et_pb_column][\/et_pb_row][\/et_pb_section]<\/p>","protected":false},"excerpt":{"rendered":"<p>Ab 1.965 In den 70er Jahren wurden Metallwaren f\u00fcr die Hausger\u00e4teindustrie hergestellt. In den 80er Jahren wurde eine neue Anlage auf der Industriegel\u00e4nde &#8222;El Arenal&#8220; in San Adri\u00e1n (Navarra) aufgebaut. Da fing unsere Zulieferung von Kraftfahrzeugteile an verschiedene Kunden an. Sanlo Industrie ist gegenw\u00e4rtig in der Herstellung von Rohr-, Blech- und Stabmetallwaren t\u00e4tig. Schneide-, Verformungs-, [&hellip;]<\/p>\n","protected":false},"author":1,"featured_media":0,"parent":0,"menu_order":0,"comment_status":"closed","ping_status":"closed","template":"","meta":{"_et_pb_use_builder":"on","_et_pb_old_content":"(Espa\u00f1ol) <div id=\"contenido\">\r\n<div id=\"col_cont_izda\">\r\n<img src=\"http:\/\/sanlo.es\/imagenes\/exterior.jpg\" alt=\"foto tubo general\" width=\"150\" height=\"100\" \/>\r\n\r\n<\/div>\r\n<div id=\"col_cont_drcha\">\r\n<h3>Desde 1.965<\/h3>\r\n<p class=\"texto\">En los a\u00f1os 70 se empez\u00f3 la producci\u00f3n de piezas met\u00e1licas para el sector de electrodom\u00e9stico.\r\n\r\nEn los a\u00f1os 80 la empresa instal\u00f3 una nueva f\u00e1brica en el Pol\u00edgono Industrial El Arenal de San Adri\u00e1n (Navarra) y comenz\u00f3 el suministro de componentes para la industria del autom\u00f3vil.\r\n\r\nEn la actualidad Industrial Sanlo es una empresa dedicada a la fabricaci\u00f3n de componentes met\u00e1licos en tubo, chapa y varilla mediante t\u00e9cnicas como el corte, conformado, curvado, estampado y soldadura y especializada en el sector del autom\u00f3vil.\r\n\r\nEn su proyecci\u00f3n tanto nacional como internacional Industrias Sanlo suministra componentes para primeros equipos a las grandes empresas proveedoras de la industria del autom\u00f3vil.<\/p>\r\n\r\n<\/div>\r\n<\/div>","_et_gb_content_width":"","footnotes":""},"class_list":["post-38","page","type-page","status-publish","hentry"],"_links":{"self":[{"href":"https:\/\/sanlo.es\/de\/wp-json\/wp\/v2\/pages\/38"}],"collection":[{"href":"https:\/\/sanlo.es\/de\/wp-json\/wp\/v2\/pages"}],"about":[{"href":"https:\/\/sanlo.es\/de\/wp-json\/wp\/v2\/types\/page"}],"author":[{"embeddable":true,"href":"https:\/\/sanlo.es\/de\/wp-json\/wp\/v2\/users\/1"}],"replies":[{"embeddable":true,"href":"https:\/\/sanlo.es\/de\/wp-json\/wp\/v2\/comments?post=38"}],"version-history":[{"count":21,"href":"https:\/\/sanlo.es\/de\/wp-json\/wp\/v2\/pages\/38\/revisions"}],"predecessor-version":[{"id":436,"href":"https:\/\/sanlo.es\/de\/wp-json\/wp\/v2\/pages\/38\/revisions\/436"}],"wp:attachment":[{"href":"https:\/\/sanlo.es\/de\/wp-json\/wp\/v2\/media?parent=38"}],"curies":[{"name":"wp","href":"https:\/\/api.w.org\/{rel}","templated":true}]}}