{"id":40,"date":"2017-02-20T12:02:13","date_gmt":"2017-02-20T12:02:13","guid":{"rendered":"http:\/\/sanlo.es\/?page_id=40"},"modified":"2021-07-22T13:53:43","modified_gmt":"2021-07-22T13:53:43","slug":"maquinaria","status":"publish","type":"page","link":"https:\/\/sanlo.es\/de\/maquinaria\/","title":{"rendered":"Maschinen"},"content":{"rendered":"<p>[et_pb_section fb_built=&#8220;1&#8243; fullwidth=&#8220;on&#8220; admin_label=&#8220;Secci\u00f3n&#8220; _builder_version=&#8220;3.22&#8243; background_color=&#8220;#051d5b&#8220; transparent_background=&#8220;off&#8220; make_fullwidth=&#8220;off&#8220; use_custom_width=&#8220;off&#8220; width_unit=&#8220;on&#8220; custom_width_px=&#8220;1080px&#8220; custom_width_percent=&#8220;80%&#8220;][et_pb_fullwidth_post_title meta=&#8220;off&#8220; featured_image=&#8220;off&#8220; text_color=&#8220;light&#8220; admin_label=&#8220;T\u00edtulo de publicaci\u00f3n de anchura completa&#8220; _builder_version=&#8220;3.0.87&#8243; title_font=&#8220;|||on|&#8220; title_font_size=&#8220;39px&#8220; background_color=&#8220;rgba(255,255,255,0)&#8220; parallax=&#8220;on&#8220; parallax_method=&#8220;off&#8220; custom_margin=&#8220;|||&#8220; custom_padding=&#8220;3em|1em|3em|1em&#8220; parallax_effect=&#8220;on&#8220; module_bg_color=&#8220;rgba(255,255,255,0)&#8220; use_border_color=&#8220;off&#8220; border_color=&#8220;#ffffff&#8220; border_style=&#8220;solid&#8220;] [\/et_pb_fullwidth_post_title][\/et_pb_section][et_pb_section fb_built=&#8220;1&#8243; admin_label=&#8220;section&#8220; _builder_version=&#8220;3.22&#8243; transparent_background=&#8220;off&#8220; make_fullwidth=&#8220;off&#8220; use_custom_width=&#8220;off&#8220; width_unit=&#8220;off&#8220; custom_width_px=&#8220;1080px&#8220; custom_width_percent=&#8220;80%&#8220;][et_pb_row admin_label=&#8220;Fila&#8220; _builder_version=&#8220;3.25&#8243; background_size=&#8220;initial&#8220; background_position=&#8220;top_left&#8220; background_repeat=&#8220;repeat&#8220; column_structure=&#8220;1_2,1_2&#8243;][et_pb_column type=&#8220;1_2&#8243; _builder_version=&#8220;3.25&#8243; custom_padding=&#8220;|||&#8220; custom_padding__hover=&#8220;|||&#8220;][et_pb_gallery gallery_ids=&#8220;142,275&#8243; fullwidth=&#8220;on&#8220; admin_label=&#8220;Galer\u00eda&#8220; _builder_version=&#8220;3.0.87&#8243; auto=&#8220;on&#8220; auto_speed=&#8220;5000&#8243; use_border_color=&#8220;off&#8220; border_color=&#8220;#ffffff&#8220; border_style=&#8220;solid&#8220;] [\/et_pb_gallery][\/et_pb_column][et_pb_column type=&#8220;1_2&#8243; _builder_version=&#8220;3.25&#8243; custom_padding=&#8220;|||&#8220; custom_padding__hover=&#8220;|||&#8220;][et_pb_text admin_label=&#8220;Text&#8220; _builder_version=&#8220;3.27.4&#8243; background_size=&#8220;initial&#8220; background_position=&#8220;top_left&#8220; background_repeat=&#8220;repeat&#8220; use_border_color=&#8220;off&#8220; border_color=&#8220;#ffffff&#8220; border_style=&#8220;solid&#8220;]<\/p>\n<h3>Procesos y maquinaria<\/h3>\n<p>Somos una empresa productiva especializada en la fabricaci\u00f3n de componentes met\u00e1licos y focalizadada en el sector de la automoci\u00f3n.<\/p>\n<h5>Proceso de corte<\/h5>\n<p class=\"texto\">1 l\u00edneas de corte autom\u00e1tica<\/p>\n<h5>Proceso de conformado extremos<\/h5>\n<p class=\"texto\">3 m\u00e1quinas conformado de tubo<\/p>\n<h5>Proceso de curvado tubo<\/h5>\n<p class=\"texto\">1 m\u00e1quina CNC <img loading=\"lazy\" decoding=\"async\" src=\"http:\/\/sanlo.es\/imagenes\/diametro.gif\" alt=\"diametro\" width=\"9\" height=\"10\" \/>16mm. alimentaci\u00f3n autom\u00e1tica<br \/>2 m\u00e1quinas CNC <img loading=\"lazy\" decoding=\"async\" src=\"http:\/\/sanlo.es\/imagenes\/diametro.gif\" alt=\"diametro\" width=\"9\" height=\"10\" \/>20mm. alimentaci\u00f3n autom\u00e1tica<br \/>1 m\u00e1quina CNC <img loading=\"lazy\" decoding=\"async\" src=\"http:\/\/sanlo.es\/imagenes\/diametro.gif\" alt=\"diametro\" width=\"9\" height=\"10\" \/>25mm. alimentaci\u00f3n autom\u00e1tica<br \/>1 m\u00e1quina CNC <img loading=\"lazy\" decoding=\"async\" src=\"http:\/\/sanlo.es\/imagenes\/diametro.gif\" alt=\"diametro\" width=\"9\" height=\"10\" \/>32mm. alimentaci\u00f3n autom\u00e1tica<\/p>\n<h5>Proceso dobladora varilla<\/h5>\n<p class=\"texto\">1 m\u00e1quina CNC <img loading=\"lazy\" decoding=\"async\" src=\"http:\/\/sanlo.es\/imagenes\/diametro.gif\" alt=\"diametro\" width=\"9\" height=\"10\" \/>10mm.<br \/>1 m\u00e1quina CNC <img loading=\"lazy\" decoding=\"async\" src=\"http:\/\/sanlo.es\/imagenes\/diametro.gif\" alt=\"diametro\" width=\"9\" height=\"10\" \/>12,7mm.<br \/>1 m\u00e1quina CNC <img loading=\"lazy\" decoding=\"async\" src=\"http:\/\/sanlo.es\/imagenes\/diametro.gif\" alt=\"diametro\" width=\"9\" height=\"10\" \/>14mm.<\/p>\n<h5>Proceso de conformado de varilla<\/h5>\n<p class=\"texto\">4 m\u00e1quinas de conformado de varilla<\/p>\n<h5>Proceso de estampaci\u00f3n<\/h5>\n<p class=\"texto\">5 prensas mec\u00e1nicas (1 con alimentador)<br \/>3 prensas hidr\u00e1ulicas<\/p>\n<h5>Proceso de soldadura<\/h5>\n<p class=\"texto\">5 l\u00edneas de soldadura por hilo autom\u00e1ticas<br \/>2 m\u00e1quinas soldadura por resistencia<\/p>\n<p>[\/et_pb_text][\/et_pb_column][\/et_pb_row][\/et_pb_section][et_pb_section fb_built=&#8220;1&#8243; fullwidth=&#8220;on&#8220; admin_label=&#8220;Secci\u00f3n&#8220; _builder_version=&#8220;3.22&#8243; background_color=&#8220;#051d5b&#8220; transparent_background=&#8220;off&#8220; make_fullwidth=&#8220;off&#8220; use_custom_width=&#8220;off&#8220; width_unit=&#8220;on&#8220; custom_width_px=&#8220;1080px&#8220; custom_width_percent=&#8220;80%&#8220;][et_pb_fullwidth_post_title meta=&#8220;off&#8220; featured_image=&#8220;off&#8220; text_color=&#8220;light&#8220; admin_label=&#8220;T\u00edtulo de publicaci\u00f3n de anchura completa&#8220; _builder_version=&#8220;3.0.87&#8243; title_font=&#8220;|||on|&#8220; title_font_size=&#8220;39px&#8220; background_color=&#8220;rgba(255,255,255,0)&#8220; parallax=&#8220;on&#8220; parallax_method=&#8220;off&#8220; custom_margin=&#8220;|||&#8220; custom_padding=&#8220;3em|1em|3em|1em&#8220; parallax_effect=&#8220;on&#8220; module_bg_color=&#8220;rgba(255,255,255,0)&#8220; use_border_color=&#8220;off&#8220; border_color=&#8220;#ffffff&#8220; border_style=&#8220;solid&#8220;] [\/et_pb_fullwidth_post_title][\/et_pb_section][et_pb_section fb_built=&#8220;1&#8243; admin_label=&#8220;section&#8220; _builder_version=&#8220;3.22&#8243; transparent_background=&#8220;off&#8220; make_fullwidth=&#8220;off&#8220; use_custom_width=&#8220;off&#8220; width_unit=&#8220;off&#8220; custom_width_px=&#8220;1080px&#8220; custom_width_percent=&#8220;80%&#8220;][et_pb_row admin_label=&#8220;Fila&#8220; _builder_version=&#8220;3.25&#8243; background_size=&#8220;initial&#8220; background_position=&#8220;top_left&#8220; background_repeat=&#8220;repeat&#8220; column_structure=&#8220;1_2,1_2&#8243;][et_pb_column type=&#8220;1_2&#8243; _builder_version=&#8220;3.25&#8243; custom_padding=&#8220;|||&#8220; custom_padding__hover=&#8220;|||&#8220;][et_pb_gallery gallery_ids=&#8220;142,275&#8243; fullwidth=&#8220;on&#8220; admin_label=&#8220;Galer\u00eda&#8220; _builder_version=&#8220;3.0.87&#8243; auto=&#8220;on&#8220; auto_speed=&#8220;5000&#8243; use_border_color=&#8220;off&#8220; border_color=&#8220;#ffffff&#8220; border_style=&#8220;solid&#8220;] [\/et_pb_gallery][\/et_pb_column][et_pb_column type=&#8220;1_2&#8243; _builder_version=&#8220;3.25&#8243; custom_padding=&#8220;|||&#8220; custom_padding__hover=&#8220;|||&#8220;][et_pb_text admin_label=&#8220;Text&#8220; _builder_version=&#8220;3.27.4&#8243; background_size=&#8220;initial&#8220; background_position=&#8220;top_left&#8220; background_repeat=&#8220;repeat&#8220; use_border_color=&#8220;off&#8220; border_color=&#8220;#ffffff&#8220; border_style=&#8220;solid&#8220;]<\/p>\n<h2><strong>Processes and machinery<\/strong><\/h2>\n<p>We are a production company that specialises in the manufacturing of metal components targeting the automotive industry.<\/p>\n<h5>Cutting<\/h5>\n<p class=\"texto\">1 line of automatic cut<\/p>\n<h5>Conformed extreme<\/h5>\n<p class=\"texto\">2 tube endforming machines<\/p>\n<h5>Bending tube<\/h5>\n<p class=\"texto\">1 CNC machine \u220516mm. automatic feed<br \/>2 CNC machines \u2205 20mm. automatic feed<br \/>1 CNC machine \u2205 25mm. automatic feed<br \/>1 CNC machine \u2205 32mm. automatic feed<\/p>\n<h5>Bending wire<\/h5>\n<p class=\"texto\">1\u00a0CNC machine \u2205 10mm.<br \/>1\u00a0CNC machine \u220512,7mm.<br \/>1 CNC machine \u220514mm.<\/p>\n<h5>Rod forming process<\/h5>\n<p>4 rod forming machines<\/p>\n<h5>Press<\/h5>\n<p class=\"texto\">5 mechanical presses<br \/>3 hydraulic presses<\/p>\n<h5>Welding<\/h5>\n<p class=\"texto\">5 automatic lines of weld by thread<br \/>2 mash weld machines<\/p>\n<p>[\/et_pb_text][\/et_pb_column][\/et_pb_row][\/et_pb_section][et_pb_section fb_built=&#8220;1&#8243; fullwidth=&#8220;on&#8220; admin_label=&#8220;Secci\u00f3n&#8220; _builder_version=&#8220;3.22&#8243; background_color=&#8220;#051d5b&#8220; transparent_background=&#8220;off&#8220; make_fullwidth=&#8220;off&#8220; use_custom_width=&#8220;off&#8220; width_unit=&#8220;on&#8220; custom_width_px=&#8220;1080px&#8220; custom_width_percent=&#8220;80%&#8220;][et_pb_fullwidth_post_title meta=&#8220;off&#8220; featured_image=&#8220;off&#8220; text_color=&#8220;light&#8220; admin_label=&#8220;T\u00edtulo de publicaci\u00f3n de anchura completa&#8220; _builder_version=&#8220;3.0.87&#8243; title_font=&#8220;|||on|&#8220; title_font_size=&#8220;39px&#8220; background_color=&#8220;rgba(255,255,255,0)&#8220; parallax=&#8220;on&#8220; parallax_method=&#8220;off&#8220; custom_margin=&#8220;|||&#8220; custom_padding=&#8220;3em|1em|3em|1em&#8220; parallax_effect=&#8220;on&#8220; module_bg_color=&#8220;rgba(255,255,255,0)&#8220; use_border_color=&#8220;off&#8220; border_color=&#8220;#ffffff&#8220; border_style=&#8220;solid&#8220;] [\/et_pb_fullwidth_post_title][\/et_pb_section][et_pb_section fb_built=&#8220;1&#8243; admin_label=&#8220;section&#8220; _builder_version=&#8220;3.22&#8243; transparent_background=&#8220;off&#8220; make_fullwidth=&#8220;off&#8220; use_custom_width=&#8220;off&#8220; width_unit=&#8220;off&#8220; custom_width_px=&#8220;1080px&#8220; custom_width_percent=&#8220;80%&#8220;][et_pb_row admin_label=&#8220;Fila&#8220; _builder_version=&#8220;3.25&#8243; background_size=&#8220;initial&#8220; background_position=&#8220;top_left&#8220; background_repeat=&#8220;repeat&#8220; column_structure=&#8220;1_2,1_2&#8243;][et_pb_column type=&#8220;1_2&#8243; _builder_version=&#8220;3.25&#8243; custom_padding=&#8220;|||&#8220; custom_padding__hover=&#8220;|||&#8220;][et_pb_gallery gallery_ids=&#8220;142,275&#8243; fullwidth=&#8220;on&#8220; admin_label=&#8220;Galer\u00eda&#8220; _builder_version=&#8220;3.0.87&#8243; auto=&#8220;on&#8220; auto_speed=&#8220;5000&#8243; use_border_color=&#8220;off&#8220; border_color=&#8220;#ffffff&#8220; border_style=&#8220;solid&#8220;] [\/et_pb_gallery][\/et_pb_column][et_pb_column type=&#8220;1_2&#8243; _builder_version=&#8220;3.25&#8243; custom_padding=&#8220;|||&#8220; custom_padding__hover=&#8220;|||&#8220;][et_pb_text admin_label=&#8220;Text&#8220; _builder_version=&#8220;3.27.4&#8243; background_size=&#8220;initial&#8220; background_position=&#8220;top_left&#8220; background_repeat=&#8220;repeat&#8220; use_border_color=&#8220;off&#8220; border_color=&#8220;#ffffff&#8220; border_style=&#8220;solid&#8220;]<\/p>\n<h2><strong>Processus et machinerie<\/strong><\/h2>\n<p>Nous sommes une entreprise productive sp\u00e9cialis\u00e9e dans la fabrication de composants m\u00e9talliques et focalis\u00e9e dans le secteur automobile.<\/p>\n<h5>Coupage<\/h5>\n<p class=\"texto\">1 lignes de coupe automatique<\/p>\n<h5>Conform\u00e9 Extr\u00e9mit\u00e9s<\/h5>\n<p class=\"texto\">3 machines conform\u00e9 de tube<\/p>\n<h5>Formage de tube<\/h5>\n<p class=\"texto\">1 machines CNC \u220516mm. alimentation automatique<br \/>2 machines CNC \u220520mm. alimentation automatique<br \/>1 machine CNC \u220525mm. alimentation automatique<br \/>1 machine CNC \u220532mm. alimentation automatique<\/p>\n<h5>Processus du traitement de tige<\/h5>\n<p>4 machines de traitement de tige<\/p>\n<h5>Formage de lige<\/h5>\n<p class=\"texto\">1 machine CNC \u220510mm.<br \/>1 machine CNC \u220512,7mm.<br \/>1 machine CNC \u220514mm.<\/p>\n<h5>Press<\/h5>\n<p class=\"texto\">5 presses m\u00e9caniques<br \/>3 presses hydrauliques<\/p>\n<h5>Soudage<\/h5>\n<p class=\"texto\">5 lignes de soudure par fil automatiques<br \/>2 machines soudure par r\u00e9sistance<\/p>\n<p>[\/et_pb_text][\/et_pb_column][\/et_pb_row][\/et_pb_section][et_pb_section fb_built=&#8220;1&#8243; fullwidth=&#8220;on&#8220; admin_label=&#8220;Secci\u00f3n&#8220; _builder_version=&#8220;3.22&#8243; background_color=&#8220;#051d5b&#8220; transparent_background=&#8220;off&#8220; make_fullwidth=&#8220;off&#8220; use_custom_width=&#8220;off&#8220; width_unit=&#8220;on&#8220; custom_width_px=&#8220;1080px&#8220; custom_width_percent=&#8220;80%&#8220;][et_pb_fullwidth_post_title meta=&#8220;off&#8220; featured_image=&#8220;off&#8220; text_color=&#8220;light&#8220; admin_label=&#8220;T\u00edtulo de publicaci\u00f3n de anchura completa&#8220; _builder_version=&#8220;3.0.87&#8243; title_font=&#8220;|||on|&#8220; title_font_size=&#8220;39px&#8220; background_color=&#8220;rgba(255,255,255,0)&#8220; parallax=&#8220;on&#8220; parallax_method=&#8220;off&#8220; custom_margin=&#8220;|||&#8220; custom_padding=&#8220;3em|1em|3em|1em&#8220; parallax_effect=&#8220;on&#8220; module_bg_color=&#8220;rgba(255,255,255,0)&#8220; use_border_color=&#8220;off&#8220; border_color=&#8220;#ffffff&#8220; border_style=&#8220;solid&#8220;] [\/et_pb_fullwidth_post_title][\/et_pb_section][et_pb_section fb_built=&#8220;1&#8243; admin_label=&#8220;section&#8220; _builder_version=&#8220;3.22&#8243; transparent_background=&#8220;off&#8220; make_fullwidth=&#8220;off&#8220; use_custom_width=&#8220;off&#8220; width_unit=&#8220;off&#8220; custom_width_px=&#8220;1080px&#8220; custom_width_percent=&#8220;80%&#8220;][et_pb_row admin_label=&#8220;Fila&#8220; _builder_version=&#8220;3.25&#8243; background_size=&#8220;initial&#8220; background_position=&#8220;top_left&#8220; background_repeat=&#8220;repeat&#8220; column_structure=&#8220;1_2,1_2&#8243;][et_pb_column type=&#8220;1_2&#8243; _builder_version=&#8220;3.25&#8243; custom_padding=&#8220;|||&#8220; custom_padding__hover=&#8220;|||&#8220;][et_pb_gallery gallery_ids=&#8220;142,275&#8243; fullwidth=&#8220;on&#8220; admin_label=&#8220;Galer\u00eda&#8220; _builder_version=&#8220;3.0.87&#8243; auto=&#8220;on&#8220; auto_speed=&#8220;5000&#8243; use_border_color=&#8220;off&#8220; border_color=&#8220;#ffffff&#8220; border_style=&#8220;solid&#8220;] [\/et_pb_gallery][\/et_pb_column][et_pb_column type=&#8220;1_2&#8243; _builder_version=&#8220;3.25&#8243; custom_padding=&#8220;|||&#8220; custom_padding__hover=&#8220;|||&#8220;][et_pb_text admin_label=&#8220;Text&#8220; _builder_version=&#8220;3.27.4&#8243; background_size=&#8220;initial&#8220; background_position=&#8220;top_left&#8220; background_repeat=&#8220;repeat&#8220; use_border_color=&#8220;off&#8220; border_color=&#8220;#ffffff&#8220; border_style=&#8220;solid&#8220;]<\/p>\n<h2><strong>Verfahren und Maschinen<\/strong><\/h2>\n<p>Wir sind ein Produktionsbetrieb, der sich auf die Herstellung von Metallteilen f\u00fcr die Automobilbranche spezialisiert hat.<\/p>\n<h5>Schneidemaschinen<\/h5>\n<p class=\"texto\">1 automatische Beschneidestrassen<\/p>\n<h5>Profilumformmaschinen<\/h5>\n<p class=\"texto\">3 Rohrformmaschinen<\/p>\n<h5>Rohrbiegemaschinen<\/h5>\n<p class=\"texto\">1 CNC-Maschinen \u2205 16mm. mit automatischer Zuf\u00fchrung .<br \/>2 CNC-Maschinen \u2205 20mm. mit automatischer Zuf\u00fchrung.<br \/>1 CNC-Maschinen \u2205 25mm. mit automatischer Zuf\u00fchrung.<br \/>1 CNC-Maschinen \u2205 32mm. mit automatischer Zuf\u00fchrung.<\/p>\n<h5>Herstellungsprozess von Stangen<\/h5>\n<p>4 Maschinen f\u00fcr die Formung von Metallstangen<\/p>\n<h5>Biegemaschine<\/h5>\n<p class=\"texto\">1 CNC-Maschinen \u2205 10 mm .<br \/>1 CNC-Maschinen \u2205 12,7 mm .<br \/>1 CNC-Maschinen \u2205 14 mm .<\/p>\n<h5>Pressmaschinen<\/h5>\n<p class=\"texto\">5 mechanische Pressmaschinen<br \/>3 hydraulische Pressmaschinen<\/p>\n<h5>Schweissmaschinen<\/h5>\n<p class=\"texto\">5 automatische Punktschweissstrassen<br \/>2 Widerstandsschweissmaschinen<\/p>\n<p>[\/et_pb_text][\/et_pb_column][\/et_pb_row][\/et_pb_section][et_pb_section fb_built=&#8220;1&#8243; _builder_version=&#8220;4.9.4&#8243; _module_preset=&#8220;default&#8220;][et_pb_row _builder_version=&#8220;4.9.4&#8243; _module_preset=&#8220;default&#8220;][et_pb_column _builder_version=&#8220;4.9.4&#8243; _module_preset=&#8220;default&#8220;][:es _i=&#8220;0&#8243; _address=&#8220;0&#8243; \/][:en _i=&#8220;3&#8243; _address=&#8220;3&#8243; \/][:fr _i=&#8220;6&#8243; _address=&#8220;6&#8243; \/][:de _i=&#8220;9&#8243; _address=&#8220;9&#8243; \/][: _i=&#8220;12&#8243; _address=&#8220;12&#8243; \/][\/et_pb_column][\/et_pb_row][\/et_pb_section]<\/p>\n","protected":false},"excerpt":{"rendered":"<p>Procesos y maquinaria Somos una empresa productiva especializada en la fabricaci\u00f3n de componentes met\u00e1licos y focalizadada en el sector de la automoci\u00f3n. Proceso de corte 1 l\u00edneas de corte autom\u00e1tica Proceso de conformado extremos 3 m\u00e1quinas conformado de tubo Proceso de curvado tubo 1 m\u00e1quina CNC 16mm. alimentaci\u00f3n autom\u00e1tica2 m\u00e1quinas CNC 20mm. alimentaci\u00f3n autom\u00e1tica1 m\u00e1quina [&hellip;]<\/p>\n","protected":false},"author":1,"featured_media":0,"parent":0,"menu_order":0,"comment_status":"closed","ping_status":"closed","template":"","meta":{"_et_pb_use_builder":"on","_et_pb_old_content":"<h5>\u00a0 <\/h5><p>\u00a0<\/p>","_et_gb_content_width":"","footnotes":""},"class_list":["post-40","page","type-page","status-publish","hentry"],"_links":{"self":[{"href":"https:\/\/sanlo.es\/de\/wp-json\/wp\/v2\/pages\/40"}],"collection":[{"href":"https:\/\/sanlo.es\/de\/wp-json\/wp\/v2\/pages"}],"about":[{"href":"https:\/\/sanlo.es\/de\/wp-json\/wp\/v2\/types\/page"}],"author":[{"embeddable":true,"href":"https:\/\/sanlo.es\/de\/wp-json\/wp\/v2\/users\/1"}],"replies":[{"embeddable":true,"href":"https:\/\/sanlo.es\/de\/wp-json\/wp\/v2\/comments?post=40"}],"version-history":[{"count":23,"href":"https:\/\/sanlo.es\/de\/wp-json\/wp\/v2\/pages\/40\/revisions"}],"predecessor-version":[{"id":792,"href":"https:\/\/sanlo.es\/de\/wp-json\/wp\/v2\/pages\/40\/revisions\/792"}],"wp:attachment":[{"href":"https:\/\/sanlo.es\/de\/wp-json\/wp\/v2\/media?parent=40"}],"curies":[{"name":"wp","href":"https:\/\/api.w.org\/{rel}","templated":true}]}}