{"id":745,"date":"2021-05-25T11:58:10","date_gmt":"2021-05-25T11:58:10","guid":{"rendered":"http:\/\/sanlo.es\/?page_id=745"},"modified":"2021-05-25T12:40:27","modified_gmt":"2021-05-25T12:40:27","slug":"politica-de-privacidad","status":"publish","type":"page","link":"https:\/\/sanlo.es\/de\/politica-de-privacidad\/","title":{"rendered":"Pol\u00edtica de privacidad"},"content":{"rendered":"<p>I. POL\u00cdTICA DE PROTECCI\u00d3N DE DATOS DE CAR\u00c1CTER PERSONAL<br \/>\n INDUSTRIAS SANLO, S.A. (la \u201cEmpresa\u201d) es una Organizaci\u00f3n en la que se dan actividades de<br \/>\ntratamientos de datos de car\u00e1cter personal, lo que le atribuye una importante responsabilidad en<br \/>\nel dise\u00f1o y organizaci\u00f3n de procedimientos de modo que est\u00e9n alineados con el cumplimiento<br \/>\nlegal en esta materia.<br \/>\nEn el ejercicio de estas responsabilidades y con el objeto de establecer los principios generales que<br \/>\ndeben regir el tratamiento de los datos de car\u00e1cter personal en la Empresa, aprueba esta Pol\u00edtica<br \/>\nde protecci\u00f3n de datos de car\u00e1cter personal, que notifica a sus Empleados y pone a disposici\u00f3n de<br \/>\ntodos sus grupos de Inter\u00e9s.<br \/>\n1. Finalidad<br \/>\nLa Pol\u00edtica de protecci\u00f3n de datos de car\u00e1cter personal es una medida de Responsabilidad<br \/>\nproactiva que tiene la finalidad de asegurar el cumplimiento de la legislaci\u00f3n aplicable en esta<br \/>\nmateria y relaci\u00f3n a \u00e9sta, el respeto del derecho al honor y a la intimidad en el tratamiento de los<br \/>\ndatos de car\u00e1cter personal de todas las personas que se relacionan con La Empresa.<br \/>\nEn desarrollo de lo dispuesto en esta Pol\u00edtica de protecci\u00f3n de datos de car\u00e1cter personal, se<br \/>\nestablecen cu\u00e1les son los Principios que rigen el tratamiento de datos en la organizaci\u00f3n y en<br \/>\nconsecuencia, los procedimientos, y las medidas organizativas y de seguridad que las personas<br \/>\nafectadas por esta Pol\u00edtica se comprometen a implementar en su \u00e1mbito de responsabilidad. Con<br \/>\neste fin INDUSTRIAS SANLO, S.A. asignar\u00e1n las responsabilidades al personal que participa en las<br \/>\noperaciones de tratamiento de datos.<br \/>\n2. \u00c1mbito de aplicaci\u00f3n<br \/>\nEsta Pol\u00edtica de protecci\u00f3n de datos de car\u00e1cter personal ser\u00e1 de aplicaci\u00f3n a la Empresa, a sus<br \/>\nadministradores, directivos y empleados, as\u00ed como a todas las personas que se relacionen con ella,<br \/>\ncon inclusi\u00f3n expresa de los proveedores de servicio con acceso a datos (\u201cEncargados del<br \/>\ntratamiento\u201d)<br \/>\n3. Principios del tratamiento de los datos de car\u00e1cter personal<br \/>\nComo principio general, La Empresa cumplir\u00e1 escrupulosamente con la legislaci\u00f3n en materia de<br \/>\nprotecci\u00f3n de datos de car\u00e1cter personal y debe ser capaz de demostrarlo (Principio de<br \/>\n\u00abresponsabilidad proactiva\u00bb), prestando especial atenci\u00f3n a aquellos tratamientos que puedan<br \/>\nsuponer un mayor riesgo para los derechos de los afectados (Principio de \u00abenfoque de riesgo\u00bb).<br \/>\nEn relaci\u00f3n a lo expuesto INDUSTRIAS SANLO, S.A. velar\u00e1 por el cumplimiento de los siguientes<br \/>\nPrincipios:<br \/>\n\u2794 Licitud, lealtad, transparencia y limitaci\u00f3n de la finalidad. El tratamiento de datos siempre<br \/>\ndeber\u00e1 ser informado al afectado, mediante cl\u00e1usulas y otros procedimientos; y s\u00f3lo se<br \/>\nconsiderar\u00e1 leg\u00edtimo si hay consentimiento para el tratamiento de datos (con especial<br \/>\natenci\u00f3n al prestado por los menores de edad), o cuenta con otra legitimaci\u00f3n v\u00e1lida y la<br \/>\nfinalidad del mismo es acorde a Normativa.<br \/>\n\u2794 Minimizaci\u00f3n de datos. Los datos tratados deber\u00e1n ser adecuados, pertinentes y limitados<br \/>\na lo necesario en relaci\u00f3n a los fines del tratamiento.<br \/>\n\u2794 Exactitud. Los datos deber\u00e1n ser exactos y, si fuera necesarios, actualizados. A este<br \/>\nrespecto se adoptar\u00e1n las medidas necesarias para que se supriman o rectifiquen sin<br \/>\ndilaci\u00f3n los datos personales que sean inexactos con respecto a los fines del tratamiento.<br \/>\n\u2794 Limitaci\u00f3n del plazo de conservaci\u00f3n. Los datos ser\u00e1n mantenidos de forma que se permita<br \/>\nla identificaci\u00f3n de los interesados durante no m\u00e1s tiempo del necesario para los fines del<br \/>\ntratamiento.<br \/>\n\u2794 Integridad y Confidencialidad. Los datos ser\u00e1n tratados de tal manera que se garantice una<br \/>\nseguridad adecuada de los datos personales, incluida la protecci\u00f3n contra el tratamiento no<br \/>\nautorizado o il\u00edcito y contra su p\u00e9rdida, destrucci\u00f3n o da\u00f1o accidental, mediante la<br \/>\naplicaci\u00f3n de las medidas t\u00e9cnicas u organizativas apropiadas.<br \/>\n\u2794 Cesiones de datos. Queda prohibida la compra u obtenci\u00f3n de datos de car\u00e1cter personal<br \/>\nde fuentes ileg\u00edtimas o en aquellos casos en los que dichos datos hayan sido recabados o<br \/>\ncedidos contraviniendo la ley o no se garantice suficientemente su leg\u00edtima procedencia.<br \/>\n\u2794 Contrataci\u00f3n de proveedores con acceso a datos. S\u00f3lo se elegir\u00e1n para su contrataci\u00f3n a<br \/>\nproveedores que ofrezcan garant\u00edas suficientes para aplicar medidas t\u00e9cnicas y de<br \/>\nseguridad apropiadas en el tratamiento de datos. Con estos terceros se documentar\u00e1 el<br \/>\ndebido Acuerdo a este respecto.<br \/>\n\u2794 Transferencias internacionales de datos. Todo tratamiento de datos de car\u00e1cter personal<br \/>\nsujeto a normativa de la Uni\u00f3n Europea que implique una transferencia de datos fuera del<br \/>\nEspacio Econ\u00f3mico Europeo deber\u00e1 llevarse a cabo con estricto cumplimiento de los<br \/>\nrequisitos establecidos en la ley aplicable<br \/>\n\u2794 Derechos de los afectados. La Empresa facilitar\u00e1 a los afectados el ejercicio de los derechos<br \/>\nde acceso, rectificaci\u00f3n, supresi\u00f3n, limitaci\u00f3n del tratamiento, oposici\u00f3n y portabilidad,<br \/>\nestableciendo a tal efecto los procedimientos internos, y en particular los modelos para su<br \/>\nejercicio que resulten necesarios y oportunos, los cuales deber\u00e1n satisfacer, al menos, los<br \/>\nrequisitos legales aplicables en cada caso<br \/>\nLa Empresa promover\u00e1 que los principios recogidos en esta Pol\u00edtica de protecci\u00f3n de datos de<br \/>\ncar\u00e1cter personal sean tenidos en cuenta (i) en el dise\u00f1o e implementaci\u00f3n de todos los<br \/>\nprocedimientos de trabajo, (ii) en los productos y servicios ofrecidos (iii) en todos los contratos y<br \/>\nobligaciones que formalicen o asuman y (iv) en la implantaci\u00f3n de cuantos sistemas y plataformas<br \/>\npermitan el acceso de empleados o terceros y\/o la recogida o tratamiento de datos de car\u00e1cter<br \/>\npersonal.<br \/>\n4. Compromiso de los trabajadores<br \/>\nLos trabajadores son informados de la presente Pol\u00edtica y se declaran conscientes de que la<br \/>\ninformaci\u00f3n de car\u00e1cter personal es un activo de la Empresa, y a este respecto se adhieren a ella,<br \/>\ncomprometi\u00e9ndose a lo siguiente:<br \/>\n* Realizar la formaci\u00f3n de sensibilizaci\u00f3n en Protecci\u00f3n de datos que la Empresa pone a su<br \/>\ndisposici\u00f3n<br \/>\n* Aplicar las medidas de seguridad a nivel de usuario que apliquen a su puesto de trabajo, sin<br \/>\nperjuicio de las responsabilidades en su dise\u00f1o e implantaci\u00f3n que se puedan pudieran atribu\u00edrsele<br \/>\nen funci\u00f3n de su rol dentro de INDUSTRIAS SANLO, S.A.<br \/>\n* Utilizar los formatos establecidos para el ejercicio de Derechos por parte de los afectados e<br \/>\ninformar a la Empresa de forma inmediata de modo que pueda hacerse efectiva la respuesta.<br \/>\n* Informar a la Empresa, tan pronto tenga conocimiento, de desviaciones de lo establecido en esta<br \/>\nPol\u00edtica, en particular de \u201cViolaciones de seguridad de los datos personales\u201d, utilizando para ello el<br \/>\nformato establecido al efecto.<br \/>\n5. Control y evaluaci\u00f3n<br \/>\nSe realizar\u00e1 una verificaci\u00f3n, evaluaci\u00f3n y valoraci\u00f3n anual, o cada vez que haya cambios<br \/>\nsignificativos en los tratamientos de datos, de la eficacia de las medidas t\u00e9cnicas y organizativas<br \/>\npara garantizar la seguridad del tratamiento.<br \/>\n INDUSTRIAS SANLO, S.A.<\/p>","protected":false},"excerpt":{"rendered":"<p>I. POL\u00cdTICA DE PROTECCI\u00d3N DE DATOS DE CAR\u00c1CTER PERSONAL INDUSTRIAS SANLO, S.A. (la \u201cEmpresa\u201d) es una Organizaci\u00f3n en la que se dan actividades de tratamientos de datos de car\u00e1cter personal, lo que le atribuye una importante responsabilidad en el dise\u00f1o y organizaci\u00f3n de procedimientos de modo que est\u00e9n alineados con el cumplimiento legal en esta [&hellip;]<\/p>\n","protected":false},"author":1,"featured_media":0,"parent":0,"menu_order":0,"comment_status":"closed","ping_status":"closed","template":"","meta":{"_et_pb_use_builder":"","_et_pb_old_content":"","_et_gb_content_width":"","footnotes":""},"class_list":["post-745","page","type-page","status-publish","hentry"],"_links":{"self":[{"href":"https:\/\/sanlo.es\/de\/wp-json\/wp\/v2\/pages\/745"}],"collection":[{"href":"https:\/\/sanlo.es\/de\/wp-json\/wp\/v2\/pages"}],"about":[{"href":"https:\/\/sanlo.es\/de\/wp-json\/wp\/v2\/types\/page"}],"author":[{"embeddable":true,"href":"https:\/\/sanlo.es\/de\/wp-json\/wp\/v2\/users\/1"}],"replies":[{"embeddable":true,"href":"https:\/\/sanlo.es\/de\/wp-json\/wp\/v2\/comments?post=745"}],"version-history":[{"count":6,"href":"https:\/\/sanlo.es\/de\/wp-json\/wp\/v2\/pages\/745\/revisions"}],"predecessor-version":[{"id":778,"href":"https:\/\/sanlo.es\/de\/wp-json\/wp\/v2\/pages\/745\/revisions\/778"}],"wp:attachment":[{"href":"https:\/\/sanlo.es\/de\/wp-json\/wp\/v2\/media?parent=745"}],"curies":[{"name":"wp","href":"https:\/\/api.w.org\/{rel}","templated":true}]}}