{"id":38,"date":"2017-02-20T12:01:46","date_gmt":"2017-02-20T12:01:46","guid":{"rendered":"http:\/\/sanlo.es\/?page_id=38"},"modified":"2018-04-11T13:38:16","modified_gmt":"2018-04-11T13:38:16","slug":"la-empresa","status":"publish","type":"page","link":"https:\/\/sanlo.es\/en\/la-empresa\/","title":{"rendered":"THE COMPANY"},"content":{"rendered":"<p>[et_pb_section admin_label=&#8221;Secci\u00f3n&#8221; transparent_background=&#8221;off&#8221; background_color=&#8221;#051d5b&#8221; allow_player_pause=&#8221;off&#8221; inner_shadow=&#8221;off&#8221; parallax=&#8221;off&#8221; parallax_method=&#8221;off&#8221; make_fullwidth=&#8221;off&#8221; use_custom_width=&#8221;off&#8221; width_unit=&#8221;on&#8221; custom_width_px=&#8221;1080px&#8221; custom_width_percent=&#8221;80%&#8221; make_equal=&#8221;off&#8221; use_custom_gutter=&#8221;off&#8221; fullwidth=&#8221;on&#8221; specialty=&#8221;off&#8221; disabled=&#8221;off&#8221;][et_pb_fullwidth_post_title admin_label=&#8221;T\u00edtulo de publicaci\u00f3n de anchura completa&#8221; title=&#8221;on&#8221; meta=&#8221;off&#8221; author=&#8221;off&#8221; date=&#8221;off&#8221; date_format=&#8221;M j, Y&#8221; categories=&#8221;off&#8221; comments=&#8221;off&#8221; featured_image=&#8221;off&#8221; featured_placement=&#8221;below&#8221; parallax_effect=&#8221;on&#8221; parallax_method=&#8221;on&#8221; text_orientation=&#8221;left&#8221; text_color=&#8221;light&#8221; text_background=&#8221;off&#8221; text_bg_color=&#8221;#131c4e&#8221; title_font_size=&#8221;39px&#8221; use_border_color=&#8221;off&#8221; border_color=&#8221;#ffffff&#8221; border_width=&#8221;1px&#8221; border_style=&#8221;solid&#8221; custom_margin=&#8221;|||&#8221; custom_padding=&#8221;3em|1em|3em|1em&#8221; disabled=&#8221;off&#8221;] [\/et_pb_fullwidth_post_title][\/et_pb_section][et_pb_section admin_label=&#8221;section&#8221; transparent_background=&#8221;off&#8221; allow_player_pause=&#8221;off&#8221; inner_shadow=&#8221;off&#8221; parallax=&#8221;off&#8221; parallax_method=&#8221;on&#8221; make_fullwidth=&#8221;off&#8221; use_custom_width=&#8221;off&#8221; width_unit=&#8221;off&#8221; custom_width_px=&#8221;1080px&#8221; custom_width_percent=&#8221;80%&#8221; make_equal=&#8221;off&#8221; use_custom_gutter=&#8221;off&#8221; fullwidth=&#8221;off&#8221; specialty=&#8221;off&#8221; disabled=&#8221;off&#8221;][et_pb_row admin_label=&#8221;Fila&#8221;][et_pb_column type=&#8221;1_2&#8243;][et_pb_gallery admin_label=&#8221;Galer\u00eda&#8221; gallery_ids=&#8221;121,125&#8243; fullwidth=&#8221;on&#8221; show_title_and_caption=&#8221;on&#8221; show_pagination=&#8221;off&#8221; background_layout=&#8221;light&#8221; auto=&#8221;on&#8221; auto_speed=&#8221;5000&#8243; hover_overlay_color=&#8221;rgba(255,255,255,0.9)&#8221; use_border_color=&#8221;off&#8221; border_color=&#8221;#ffffff&#8221; border_style=&#8221;solid&#8221;] [\/et_pb_gallery][\/et_pb_column][et_pb_column type=&#8221;1_2&#8243;][et_pb_text admin_label=&#8221;Text&#8221; background_layout=&#8221;light&#8221; text_orientation=&#8221;left&#8221; use_border_color=&#8221;off&#8221; border_style=&#8221;solid&#8221; disabled=&#8221;off&#8221; border_color=&#8221;#ffffff&#8221;]<\/p>\n<div id=\"contenido\">\n<h3>Since 1.965<\/h3>\n<div id=\"col_cont_drcha\">\n<p>Production of metal parts for the household-appliances sector started in the 70\u00b4s.<\/p>\n<p>In the 80\u00b4s the company established a factory at El Arenal Industrial Estate in San Adri\u00e1n (Navarra) and started supplying components for the automotive industry.<\/p>\n<p>Industrias Sanlo is today a company specialised in the automotive sector, manufacturing wire, sheet and tube metal components by techniques such as cutting, forming, bending, stamping and welding.<\/p>\n<p>Within its national and international scope Industrias Sanlo furnishes components for Original Equipment to large supplying companies in the automotive industry.<\/p>\n<\/div>\n<\/div>\n<p>[\/et_pb_text][\/et_pb_column][\/et_pb_row][\/et_pb_section]<\/p>","protected":false},"excerpt":{"rendered":"<p>Since 1.965 Production of metal parts for the household-appliances sector started in the 70\u00b4s. In the 80\u00b4s the company established a factory at El Arenal Industrial Estate in San Adri\u00e1n (Navarra) and started supplying components for the automotive industry. Industrias Sanlo is today a company specialised in the automotive sector, manufacturing wire, sheet and tube [&hellip;]<\/p>\n","protected":false},"author":1,"featured_media":0,"parent":0,"menu_order":0,"comment_status":"closed","ping_status":"closed","template":"","meta":{"_et_pb_use_builder":"on","_et_pb_old_content":"(Espa\u00f1ol) <div id=\"contenido\">\r\n<div id=\"col_cont_izda\">\r\n<img src=\"http:\/\/sanlo.es\/imagenes\/exterior.jpg\" alt=\"foto tubo general\" width=\"150\" height=\"100\" \/>\r\n\r\n<\/div>\r\n<div id=\"col_cont_drcha\">\r\n<h3>Desde 1.965<\/h3>\r\n<p class=\"texto\">En los a\u00f1os 70 se empez\u00f3 la producci\u00f3n de piezas met\u00e1licas para el sector de electrodom\u00e9stico.\r\n\r\nEn los a\u00f1os 80 la empresa instal\u00f3 una nueva f\u00e1brica en el Pol\u00edgono Industrial El Arenal de San Adri\u00e1n (Navarra) y comenz\u00f3 el suministro de componentes para la industria del autom\u00f3vil.\r\n\r\nEn la actualidad Industrial Sanlo es una empresa dedicada a la fabricaci\u00f3n de componentes met\u00e1licos en tubo, chapa y varilla mediante t\u00e9cnicas como el corte, conformado, curvado, estampado y soldadura y especializada en el sector del autom\u00f3vil.\r\n\r\nEn su proyecci\u00f3n tanto nacional como internacional Industrias Sanlo suministra componentes para primeros equipos a las grandes empresas proveedoras de la industria del autom\u00f3vil.<\/p>\r\n\r\n<\/div>\r\n<\/div>","_et_gb_content_width":"","footnotes":""},"class_list":["post-38","page","type-page","status-publish","hentry"],"_links":{"self":[{"href":"https:\/\/sanlo.es\/en\/wp-json\/wp\/v2\/pages\/38"}],"collection":[{"href":"https:\/\/sanlo.es\/en\/wp-json\/wp\/v2\/pages"}],"about":[{"href":"https:\/\/sanlo.es\/en\/wp-json\/wp\/v2\/types\/page"}],"author":[{"embeddable":true,"href":"https:\/\/sanlo.es\/en\/wp-json\/wp\/v2\/users\/1"}],"replies":[{"embeddable":true,"href":"https:\/\/sanlo.es\/en\/wp-json\/wp\/v2\/comments?post=38"}],"version-history":[{"count":21,"href":"https:\/\/sanlo.es\/en\/wp-json\/wp\/v2\/pages\/38\/revisions"}],"predecessor-version":[{"id":436,"href":"https:\/\/sanlo.es\/en\/wp-json\/wp\/v2\/pages\/38\/revisions\/436"}],"wp:attachment":[{"href":"https:\/\/sanlo.es\/en\/wp-json\/wp\/v2\/media?parent=38"}],"curies":[{"name":"wp","href":"https:\/\/api.w.org\/{rel}","templated":true}]}}