{"id":38,"date":"2017-02-20T12:01:46","date_gmt":"2017-02-20T12:01:46","guid":{"rendered":"http:\/\/sanlo.es\/?page_id=38"},"modified":"2018-04-11T13:38:16","modified_gmt":"2018-04-11T13:38:16","slug":"la-empresa","status":"publish","type":"page","link":"https:\/\/sanlo.es\/fr\/la-empresa\/","title":{"rendered":"SOCI\u00c9T\u00c9"},"content":{"rendered":"<p>[et_pb_section admin_label=\u00a0\u00bbSecci\u00f3n\u00a0\u00bb transparent_background=\u00a0\u00bboff\u00a0\u00bb background_color=\u00a0\u00bb#051d5b\u00a0\u00bb allow_player_pause=\u00a0\u00bboff\u00a0\u00bb inner_shadow=\u00a0\u00bboff\u00a0\u00bb parallax=\u00a0\u00bboff\u00a0\u00bb parallax_method=\u00a0\u00bboff\u00a0\u00bb make_fullwidth=\u00a0\u00bboff\u00a0\u00bb use_custom_width=\u00a0\u00bboff\u00a0\u00bb width_unit=\u00a0\u00bbon\u00a0\u00bb custom_width_px=\u00a0\u00bb1080px\u00a0\u00bb custom_width_percent=\u00a0\u00bb80%\u00a0\u00bb make_equal=\u00a0\u00bboff\u00a0\u00bb use_custom_gutter=\u00a0\u00bboff\u00a0\u00bb fullwidth=\u00a0\u00bbon\u00a0\u00bb specialty=\u00a0\u00bboff\u00a0\u00bb disabled=\u00a0\u00bboff\u00a0\u00bb][et_pb_fullwidth_post_title admin_label=\u00a0\u00bbT\u00edtulo de publicaci\u00f3n de anchura completa\u00a0\u00bb title=\u00a0\u00bbon\u00a0\u00bb meta=\u00a0\u00bboff\u00a0\u00bb author=\u00a0\u00bboff\u00a0\u00bb date=\u00a0\u00bboff\u00a0\u00bb date_format=\u00a0\u00bbM j, Y\u00a0\u00bb categories=\u00a0\u00bboff\u00a0\u00bb comments=\u00a0\u00bboff\u00a0\u00bb featured_image=\u00a0\u00bboff\u00a0\u00bb featured_placement=\u00a0\u00bbbelow\u00a0\u00bb parallax_effect=\u00a0\u00bbon\u00a0\u00bb parallax_method=\u00a0\u00bbon\u00a0\u00bb text_orientation=\u00a0\u00bbleft\u00a0\u00bb text_color=\u00a0\u00bblight\u00a0\u00bb text_background=\u00a0\u00bboff\u00a0\u00bb text_bg_color=\u00a0\u00bb#131c4e\u00a0\u00bb title_font_size=\u00a0\u00bb39px\u00a0\u00bb use_border_color=\u00a0\u00bboff\u00a0\u00bb border_color=\u00a0\u00bb#ffffff\u00a0\u00bb border_width=\u00a0\u00bb1px\u00a0\u00bb border_style=\u00a0\u00bbsolid\u00a0\u00bb custom_margin=\u00a0\u00bb|||\u00a0\u00bb custom_padding=\u00a0\u00bb3em|1em|3em|1em\u00a0\u00bb disabled=\u00a0\u00bboff\u00a0\u00bb] [\/et_pb_fullwidth_post_title][\/et_pb_section][et_pb_section admin_label=\u00a0\u00bbsection\u00a0\u00bb transparent_background=\u00a0\u00bboff\u00a0\u00bb allow_player_pause=\u00a0\u00bboff\u00a0\u00bb inner_shadow=\u00a0\u00bboff\u00a0\u00bb parallax=\u00a0\u00bboff\u00a0\u00bb parallax_method=\u00a0\u00bbon\u00a0\u00bb make_fullwidth=\u00a0\u00bboff\u00a0\u00bb use_custom_width=\u00a0\u00bboff\u00a0\u00bb width_unit=\u00a0\u00bboff\u00a0\u00bb custom_width_px=\u00a0\u00bb1080px\u00a0\u00bb custom_width_percent=\u00a0\u00bb80%\u00a0\u00bb make_equal=\u00a0\u00bboff\u00a0\u00bb use_custom_gutter=\u00a0\u00bboff\u00a0\u00bb fullwidth=\u00a0\u00bboff\u00a0\u00bb specialty=\u00a0\u00bboff\u00a0\u00bb disabled=\u00a0\u00bboff\u00a0\u00bb][et_pb_row admin_label=\u00a0\u00bbFila\u00a0\u00bb][et_pb_column type=\u00a0\u00bb1_2&Prime;][et_pb_gallery admin_label=\u00a0\u00bbGaler\u00eda\u00a0\u00bb gallery_ids=\u00a0\u00bb121,125&Prime; fullwidth=\u00a0\u00bbon\u00a0\u00bb show_title_and_caption=\u00a0\u00bbon\u00a0\u00bb show_pagination=\u00a0\u00bboff\u00a0\u00bb background_layout=\u00a0\u00bblight\u00a0\u00bb auto=\u00a0\u00bbon\u00a0\u00bb auto_speed=\u00a0\u00bb5000&Prime; hover_overlay_color=\u00a0\u00bbrgba(255,255,255,0.9)\u00a0\u00bb use_border_color=\u00a0\u00bboff\u00a0\u00bb border_color=\u00a0\u00bb#ffffff\u00a0\u00bb border_style=\u00a0\u00bbsolid\u00a0\u00bb] [\/et_pb_gallery][\/et_pb_column][et_pb_column type=\u00a0\u00bb1_2&Prime;][et_pb_text admin_label=\u00a0\u00bbText\u00a0\u00bb background_layout=\u00a0\u00bblight\u00a0\u00bb text_orientation=\u00a0\u00bbleft\u00a0\u00bb use_border_color=\u00a0\u00bboff\u00a0\u00bb border_style=\u00a0\u00bbsolid\u00a0\u00bb disabled=\u00a0\u00bboff\u00a0\u00bb border_color=\u00a0\u00bb#ffffff\u00a0\u00bb]<\/p>\n<div id=\"contenido\">\n<h2>Depuis 1.965<\/h2>\n<div id=\"col_cont_drcha\">\n<p>La production de pi\u00e8ces m\u00e9talliques pour le secteur des appareils \u00e9lectrom\u00e9nagers a commenc\u00e9 dans les ann\u00e9s 70 .<\/p>\n<p>Dans les ann\u00e9es 80 la soci\u00e9t\u00e9 a install\u00e9 une nouvelle usine dans la zone industrielle de El Arenal \u00e1 San Adri\u00e1n (Navarre) et a commenc\u00e9 \u00e0 approvisionner l\u00b4industrie automobile.<\/p>\n<p>Aujourd\u00b4hui Industrias Sanlo est une entreprise qui fabrique des composants m\u00e9talliques en tube, t\u00f4le et fil par des techineques telles que la coupe, le formage, le cintrage, l\u00b4estampage et le soudage, une entreprise sp\u00e9cialis\u00e9e dans le secteur automobile.<\/p>\n<p>Dans le cadre de sa projection nationale et internationale Industrias Sanlo approvisionne les grands fournisseurs de l\u00b4industrie automobile en composants pour les \u00e9quipements de premi\u00e8re monte.<\/p>\n<\/div>\n<\/div>\n<p>[\/et_pb_text][\/et_pb_column][\/et_pb_row][\/et_pb_section]<\/p>","protected":false},"excerpt":{"rendered":"<p>Depuis 1.965 La production de pi\u00e8ces m\u00e9talliques pour le secteur des appareils \u00e9lectrom\u00e9nagers a commenc\u00e9 dans les ann\u00e9s 70 . Dans les ann\u00e9es 80 la soci\u00e9t\u00e9 a install\u00e9 une nouvelle usine dans la zone industrielle de El Arenal \u00e1 San Adri\u00e1n (Navarre) et a commenc\u00e9 \u00e0 approvisionner l\u00b4industrie automobile. Aujourd\u00b4hui Industrias Sanlo est une entreprise [&hellip;]<\/p>\n","protected":false},"author":1,"featured_media":0,"parent":0,"menu_order":0,"comment_status":"closed","ping_status":"closed","template":"","meta":{"_et_pb_use_builder":"on","_et_pb_old_content":"(Espa\u00f1ol) <div id=\"contenido\">\r\n<div id=\"col_cont_izda\">\r\n<img src=\"http:\/\/sanlo.es\/imagenes\/exterior.jpg\" alt=\"foto tubo general\" width=\"150\" height=\"100\" \/>\r\n\r\n<\/div>\r\n<div id=\"col_cont_drcha\">\r\n<h3>Desde 1.965<\/h3>\r\n<p class=\"texto\">En los a\u00f1os 70 se empez\u00f3 la producci\u00f3n de piezas met\u00e1licas para el sector de electrodom\u00e9stico.\r\n\r\nEn los a\u00f1os 80 la empresa instal\u00f3 una nueva f\u00e1brica en el Pol\u00edgono Industrial El Arenal de San Adri\u00e1n (Navarra) y comenz\u00f3 el suministro de componentes para la industria del autom\u00f3vil.\r\n\r\nEn la actualidad Industrial Sanlo es una empresa dedicada a la fabricaci\u00f3n de componentes met\u00e1licos en tubo, chapa y varilla mediante t\u00e9cnicas como el corte, conformado, curvado, estampado y soldadura y especializada en el sector del autom\u00f3vil.\r\n\r\nEn su proyecci\u00f3n tanto nacional como internacional Industrias Sanlo suministra componentes para primeros equipos a las grandes empresas proveedoras de la industria del autom\u00f3vil.<\/p>\r\n\r\n<\/div>\r\n<\/div>","_et_gb_content_width":"","footnotes":""},"class_list":["post-38","page","type-page","status-publish","hentry"],"_links":{"self":[{"href":"https:\/\/sanlo.es\/fr\/wp-json\/wp\/v2\/pages\/38"}],"collection":[{"href":"https:\/\/sanlo.es\/fr\/wp-json\/wp\/v2\/pages"}],"about":[{"href":"https:\/\/sanlo.es\/fr\/wp-json\/wp\/v2\/types\/page"}],"author":[{"embeddable":true,"href":"https:\/\/sanlo.es\/fr\/wp-json\/wp\/v2\/users\/1"}],"replies":[{"embeddable":true,"href":"https:\/\/sanlo.es\/fr\/wp-json\/wp\/v2\/comments?post=38"}],"version-history":[{"count":21,"href":"https:\/\/sanlo.es\/fr\/wp-json\/wp\/v2\/pages\/38\/revisions"}],"predecessor-version":[{"id":436,"href":"https:\/\/sanlo.es\/fr\/wp-json\/wp\/v2\/pages\/38\/revisions\/436"}],"wp:attachment":[{"href":"https:\/\/sanlo.es\/fr\/wp-json\/wp\/v2\/media?parent=38"}],"curies":[{"name":"wp","href":"https:\/\/api.w.org\/{rel}","templated":true}]}}