{"id":40,"date":"2017-02-20T12:02:13","date_gmt":"2017-02-20T12:02:13","guid":{"rendered":"http:\/\/sanlo.es\/?page_id=40"},"modified":"2021-07-22T13:53:43","modified_gmt":"2021-07-22T13:53:43","slug":"maquinaria","status":"publish","type":"page","link":"https:\/\/sanlo.es\/fr\/maquinaria\/","title":{"rendered":"Machines"},"content":{"rendered":"<p>[et_pb_section fb_built=\u00a0\u00bb1&Prime; fullwidth=\u00a0\u00bbon\u00a0\u00bb admin_label=\u00a0\u00bbSecci\u00f3n\u00a0\u00bb _builder_version=\u00a0\u00bb3.22&Prime; background_color=\u00a0\u00bb#051d5b\u00a0\u00bb transparent_background=\u00a0\u00bboff\u00a0\u00bb make_fullwidth=\u00a0\u00bboff\u00a0\u00bb use_custom_width=\u00a0\u00bboff\u00a0\u00bb width_unit=\u00a0\u00bbon\u00a0\u00bb custom_width_px=\u00a0\u00bb1080px\u00a0\u00bb custom_width_percent=\u00a0\u00bb80%\u00a0\u00bb][et_pb_fullwidth_post_title meta=\u00a0\u00bboff\u00a0\u00bb featured_image=\u00a0\u00bboff\u00a0\u00bb text_color=\u00a0\u00bblight\u00a0\u00bb admin_label=\u00a0\u00bbT\u00edtulo de publicaci\u00f3n de anchura completa\u00a0\u00bb _builder_version=\u00a0\u00bb3.0.87&Prime; title_font=\u00a0\u00bb|||on|\u00a0\u00bb title_font_size=\u00a0\u00bb39px\u00a0\u00bb background_color=\u00a0\u00bbrgba(255,255,255,0)\u00a0\u00bb parallax=\u00a0\u00bbon\u00a0\u00bb parallax_method=\u00a0\u00bboff\u00a0\u00bb custom_margin=\u00a0\u00bb|||\u00a0\u00bb custom_padding=\u00a0\u00bb3em|1em|3em|1em\u00a0\u00bb parallax_effect=\u00a0\u00bbon\u00a0\u00bb module_bg_color=\u00a0\u00bbrgba(255,255,255,0)\u00a0\u00bb use_border_color=\u00a0\u00bboff\u00a0\u00bb border_color=\u00a0\u00bb#ffffff\u00a0\u00bb border_style=\u00a0\u00bbsolid\u00a0\u00bb] [\/et_pb_fullwidth_post_title][\/et_pb_section][et_pb_section fb_built=\u00a0\u00bb1&Prime; admin_label=\u00a0\u00bbsection\u00a0\u00bb _builder_version=\u00a0\u00bb3.22&Prime; transparent_background=\u00a0\u00bboff\u00a0\u00bb make_fullwidth=\u00a0\u00bboff\u00a0\u00bb use_custom_width=\u00a0\u00bboff\u00a0\u00bb width_unit=\u00a0\u00bboff\u00a0\u00bb custom_width_px=\u00a0\u00bb1080px\u00a0\u00bb custom_width_percent=\u00a0\u00bb80%\u00a0\u00bb][et_pb_row admin_label=\u00a0\u00bbFila\u00a0\u00bb _builder_version=\u00a0\u00bb3.25&Prime; background_size=\u00a0\u00bbinitial\u00a0\u00bb background_position=\u00a0\u00bbtop_left\u00a0\u00bb background_repeat=\u00a0\u00bbrepeat\u00a0\u00bb column_structure=\u00a0\u00bb1_2,1_2&Prime;][et_pb_column type=\u00a0\u00bb1_2&Prime; _builder_version=\u00a0\u00bb3.25&Prime; custom_padding=\u00a0\u00bb|||\u00a0\u00bb custom_padding__hover=\u00a0\u00bb|||\u00a0\u00bb][et_pb_gallery gallery_ids=\u00a0\u00bb142,275&Prime; fullwidth=\u00a0\u00bbon\u00a0\u00bb admin_label=\u00a0\u00bbGaler\u00eda\u00a0\u00bb _builder_version=\u00a0\u00bb3.0.87&Prime; auto=\u00a0\u00bbon\u00a0\u00bb auto_speed=\u00a0\u00bb5000&Prime; use_border_color=\u00a0\u00bboff\u00a0\u00bb border_color=\u00a0\u00bb#ffffff\u00a0\u00bb border_style=\u00a0\u00bbsolid\u00a0\u00bb] [\/et_pb_gallery][\/et_pb_column][et_pb_column type=\u00a0\u00bb1_2&Prime; _builder_version=\u00a0\u00bb3.25&Prime; custom_padding=\u00a0\u00bb|||\u00a0\u00bb custom_padding__hover=\u00a0\u00bb|||\u00a0\u00bb][et_pb_text admin_label=\u00a0\u00bbText\u00a0\u00bb _builder_version=\u00a0\u00bb3.27.4&Prime; background_size=\u00a0\u00bbinitial\u00a0\u00bb background_position=\u00a0\u00bbtop_left\u00a0\u00bb background_repeat=\u00a0\u00bbrepeat\u00a0\u00bb use_border_color=\u00a0\u00bboff\u00a0\u00bb border_color=\u00a0\u00bb#ffffff\u00a0\u00bb border_style=\u00a0\u00bbsolid\u00a0\u00bb]<\/p>\n<h3>Procesos y maquinaria<\/h3>\n<p>Somos una empresa productiva especializada en la fabricaci\u00f3n de componentes met\u00e1licos y focalizadada en el sector de la automoci\u00f3n.<\/p>\n<h5>Proceso de corte<\/h5>\n<p class=\"texto\">1 l\u00edneas de corte autom\u00e1tica<\/p>\n<h5>Proceso de conformado extremos<\/h5>\n<p class=\"texto\">3 m\u00e1quinas conformado de tubo<\/p>\n<h5>Proceso de curvado tubo<\/h5>\n<p class=\"texto\">1 m\u00e1quina CNC <img loading=\"lazy\" decoding=\"async\" src=\"http:\/\/sanlo.es\/imagenes\/diametro.gif\" alt=\"diametro\" width=\"9\" height=\"10\" \/>16mm. alimentaci\u00f3n autom\u00e1tica<br \/>2 m\u00e1quinas CNC <img loading=\"lazy\" decoding=\"async\" src=\"http:\/\/sanlo.es\/imagenes\/diametro.gif\" alt=\"diametro\" width=\"9\" height=\"10\" \/>20mm. alimentaci\u00f3n autom\u00e1tica<br \/>1 m\u00e1quina CNC <img loading=\"lazy\" decoding=\"async\" src=\"http:\/\/sanlo.es\/imagenes\/diametro.gif\" alt=\"diametro\" width=\"9\" height=\"10\" \/>25mm. alimentaci\u00f3n autom\u00e1tica<br \/>1 m\u00e1quina CNC <img loading=\"lazy\" decoding=\"async\" src=\"http:\/\/sanlo.es\/imagenes\/diametro.gif\" alt=\"diametro\" width=\"9\" height=\"10\" \/>32mm. alimentaci\u00f3n autom\u00e1tica<\/p>\n<h5>Proceso dobladora varilla<\/h5>\n<p class=\"texto\">1 m\u00e1quina CNC <img loading=\"lazy\" decoding=\"async\" src=\"http:\/\/sanlo.es\/imagenes\/diametro.gif\" alt=\"diametro\" width=\"9\" height=\"10\" \/>10mm.<br \/>1 m\u00e1quina CNC <img loading=\"lazy\" decoding=\"async\" src=\"http:\/\/sanlo.es\/imagenes\/diametro.gif\" alt=\"diametro\" width=\"9\" height=\"10\" \/>12,7mm.<br \/>1 m\u00e1quina CNC <img loading=\"lazy\" decoding=\"async\" src=\"http:\/\/sanlo.es\/imagenes\/diametro.gif\" alt=\"diametro\" width=\"9\" height=\"10\" \/>14mm.<\/p>\n<h5>Proceso de conformado de varilla<\/h5>\n<p class=\"texto\">4 m\u00e1quinas de conformado de varilla<\/p>\n<h5>Proceso de estampaci\u00f3n<\/h5>\n<p class=\"texto\">5 prensas mec\u00e1nicas (1 con alimentador)<br \/>3 prensas hidr\u00e1ulicas<\/p>\n<h5>Proceso de soldadura<\/h5>\n<p class=\"texto\">5 l\u00edneas de soldadura por hilo autom\u00e1ticas<br \/>2 m\u00e1quinas soldadura por resistencia<\/p>\n<p>[\/et_pb_text][\/et_pb_column][\/et_pb_row][\/et_pb_section][et_pb_section fb_built=\u00a0\u00bb1&Prime; fullwidth=\u00a0\u00bbon\u00a0\u00bb admin_label=\u00a0\u00bbSecci\u00f3n\u00a0\u00bb _builder_version=\u00a0\u00bb3.22&Prime; background_color=\u00a0\u00bb#051d5b\u00a0\u00bb transparent_background=\u00a0\u00bboff\u00a0\u00bb make_fullwidth=\u00a0\u00bboff\u00a0\u00bb use_custom_width=\u00a0\u00bboff\u00a0\u00bb width_unit=\u00a0\u00bbon\u00a0\u00bb custom_width_px=\u00a0\u00bb1080px\u00a0\u00bb custom_width_percent=\u00a0\u00bb80%\u00a0\u00bb][et_pb_fullwidth_post_title meta=\u00a0\u00bboff\u00a0\u00bb featured_image=\u00a0\u00bboff\u00a0\u00bb text_color=\u00a0\u00bblight\u00a0\u00bb admin_label=\u00a0\u00bbT\u00edtulo de publicaci\u00f3n de anchura completa\u00a0\u00bb _builder_version=\u00a0\u00bb3.0.87&Prime; title_font=\u00a0\u00bb|||on|\u00a0\u00bb title_font_size=\u00a0\u00bb39px\u00a0\u00bb background_color=\u00a0\u00bbrgba(255,255,255,0)\u00a0\u00bb parallax=\u00a0\u00bbon\u00a0\u00bb parallax_method=\u00a0\u00bboff\u00a0\u00bb custom_margin=\u00a0\u00bb|||\u00a0\u00bb custom_padding=\u00a0\u00bb3em|1em|3em|1em\u00a0\u00bb parallax_effect=\u00a0\u00bbon\u00a0\u00bb module_bg_color=\u00a0\u00bbrgba(255,255,255,0)\u00a0\u00bb use_border_color=\u00a0\u00bboff\u00a0\u00bb border_color=\u00a0\u00bb#ffffff\u00a0\u00bb border_style=\u00a0\u00bbsolid\u00a0\u00bb] [\/et_pb_fullwidth_post_title][\/et_pb_section][et_pb_section fb_built=\u00a0\u00bb1&Prime; admin_label=\u00a0\u00bbsection\u00a0\u00bb _builder_version=\u00a0\u00bb3.22&Prime; transparent_background=\u00a0\u00bboff\u00a0\u00bb make_fullwidth=\u00a0\u00bboff\u00a0\u00bb use_custom_width=\u00a0\u00bboff\u00a0\u00bb width_unit=\u00a0\u00bboff\u00a0\u00bb custom_width_px=\u00a0\u00bb1080px\u00a0\u00bb custom_width_percent=\u00a0\u00bb80%\u00a0\u00bb][et_pb_row admin_label=\u00a0\u00bbFila\u00a0\u00bb _builder_version=\u00a0\u00bb3.25&Prime; background_size=\u00a0\u00bbinitial\u00a0\u00bb background_position=\u00a0\u00bbtop_left\u00a0\u00bb background_repeat=\u00a0\u00bbrepeat\u00a0\u00bb column_structure=\u00a0\u00bb1_2,1_2&Prime;][et_pb_column type=\u00a0\u00bb1_2&Prime; _builder_version=\u00a0\u00bb3.25&Prime; custom_padding=\u00a0\u00bb|||\u00a0\u00bb custom_padding__hover=\u00a0\u00bb|||\u00a0\u00bb][et_pb_gallery gallery_ids=\u00a0\u00bb142,275&Prime; fullwidth=\u00a0\u00bbon\u00a0\u00bb admin_label=\u00a0\u00bbGaler\u00eda\u00a0\u00bb _builder_version=\u00a0\u00bb3.0.87&Prime; auto=\u00a0\u00bbon\u00a0\u00bb auto_speed=\u00a0\u00bb5000&Prime; use_border_color=\u00a0\u00bboff\u00a0\u00bb border_color=\u00a0\u00bb#ffffff\u00a0\u00bb border_style=\u00a0\u00bbsolid\u00a0\u00bb] [\/et_pb_gallery][\/et_pb_column][et_pb_column type=\u00a0\u00bb1_2&Prime; _builder_version=\u00a0\u00bb3.25&Prime; custom_padding=\u00a0\u00bb|||\u00a0\u00bb custom_padding__hover=\u00a0\u00bb|||\u00a0\u00bb][et_pb_text admin_label=\u00a0\u00bbText\u00a0\u00bb _builder_version=\u00a0\u00bb3.27.4&Prime; background_size=\u00a0\u00bbinitial\u00a0\u00bb background_position=\u00a0\u00bbtop_left\u00a0\u00bb background_repeat=\u00a0\u00bbrepeat\u00a0\u00bb use_border_color=\u00a0\u00bboff\u00a0\u00bb border_color=\u00a0\u00bb#ffffff\u00a0\u00bb border_style=\u00a0\u00bbsolid\u00a0\u00bb]<\/p>\n<h2><strong>Processes and machinery<\/strong><\/h2>\n<p>We are a production company that specialises in the manufacturing of metal components targeting the automotive industry.<\/p>\n<h5>Cutting<\/h5>\n<p class=\"texto\">1 line of automatic cut<\/p>\n<h5>Conformed extreme<\/h5>\n<p class=\"texto\">2 tube endforming machines<\/p>\n<h5>Bending tube<\/h5>\n<p class=\"texto\">1 CNC machine \u220516mm. automatic feed<br \/>2 CNC machines \u2205 20mm. automatic feed<br \/>1 CNC machine \u2205 25mm. automatic feed<br \/>1 CNC machine \u2205 32mm. automatic feed<\/p>\n<h5>Bending wire<\/h5>\n<p class=\"texto\">1\u00a0CNC machine \u2205 10mm.<br \/>1\u00a0CNC machine \u220512,7mm.<br \/>1 CNC machine \u220514mm.<\/p>\n<h5>Rod forming process<\/h5>\n<p>4 rod forming machines<\/p>\n<h5>Press<\/h5>\n<p class=\"texto\">5 mechanical presses<br \/>3 hydraulic presses<\/p>\n<h5>Welding<\/h5>\n<p class=\"texto\">5 automatic lines of weld by thread<br \/>2 mash weld machines<\/p>\n<p>[\/et_pb_text][\/et_pb_column][\/et_pb_row][\/et_pb_section][et_pb_section fb_built=\u00a0\u00bb1&Prime; fullwidth=\u00a0\u00bbon\u00a0\u00bb admin_label=\u00a0\u00bbSecci\u00f3n\u00a0\u00bb _builder_version=\u00a0\u00bb3.22&Prime; background_color=\u00a0\u00bb#051d5b\u00a0\u00bb transparent_background=\u00a0\u00bboff\u00a0\u00bb make_fullwidth=\u00a0\u00bboff\u00a0\u00bb use_custom_width=\u00a0\u00bboff\u00a0\u00bb width_unit=\u00a0\u00bbon\u00a0\u00bb custom_width_px=\u00a0\u00bb1080px\u00a0\u00bb custom_width_percent=\u00a0\u00bb80%\u00a0\u00bb][et_pb_fullwidth_post_title meta=\u00a0\u00bboff\u00a0\u00bb featured_image=\u00a0\u00bboff\u00a0\u00bb text_color=\u00a0\u00bblight\u00a0\u00bb admin_label=\u00a0\u00bbT\u00edtulo de publicaci\u00f3n de anchura completa\u00a0\u00bb _builder_version=\u00a0\u00bb3.0.87&Prime; title_font=\u00a0\u00bb|||on|\u00a0\u00bb title_font_size=\u00a0\u00bb39px\u00a0\u00bb background_color=\u00a0\u00bbrgba(255,255,255,0)\u00a0\u00bb parallax=\u00a0\u00bbon\u00a0\u00bb parallax_method=\u00a0\u00bboff\u00a0\u00bb custom_margin=\u00a0\u00bb|||\u00a0\u00bb custom_padding=\u00a0\u00bb3em|1em|3em|1em\u00a0\u00bb parallax_effect=\u00a0\u00bbon\u00a0\u00bb module_bg_color=\u00a0\u00bbrgba(255,255,255,0)\u00a0\u00bb use_border_color=\u00a0\u00bboff\u00a0\u00bb border_color=\u00a0\u00bb#ffffff\u00a0\u00bb border_style=\u00a0\u00bbsolid\u00a0\u00bb] [\/et_pb_fullwidth_post_title][\/et_pb_section][et_pb_section fb_built=\u00a0\u00bb1&Prime; admin_label=\u00a0\u00bbsection\u00a0\u00bb _builder_version=\u00a0\u00bb3.22&Prime; transparent_background=\u00a0\u00bboff\u00a0\u00bb make_fullwidth=\u00a0\u00bboff\u00a0\u00bb use_custom_width=\u00a0\u00bboff\u00a0\u00bb width_unit=\u00a0\u00bboff\u00a0\u00bb custom_width_px=\u00a0\u00bb1080px\u00a0\u00bb custom_width_percent=\u00a0\u00bb80%\u00a0\u00bb][et_pb_row admin_label=\u00a0\u00bbFila\u00a0\u00bb _builder_version=\u00a0\u00bb3.25&Prime; background_size=\u00a0\u00bbinitial\u00a0\u00bb background_position=\u00a0\u00bbtop_left\u00a0\u00bb background_repeat=\u00a0\u00bbrepeat\u00a0\u00bb column_structure=\u00a0\u00bb1_2,1_2&Prime;][et_pb_column type=\u00a0\u00bb1_2&Prime; _builder_version=\u00a0\u00bb3.25&Prime; custom_padding=\u00a0\u00bb|||\u00a0\u00bb custom_padding__hover=\u00a0\u00bb|||\u00a0\u00bb][et_pb_gallery gallery_ids=\u00a0\u00bb142,275&Prime; fullwidth=\u00a0\u00bbon\u00a0\u00bb admin_label=\u00a0\u00bbGaler\u00eda\u00a0\u00bb _builder_version=\u00a0\u00bb3.0.87&Prime; auto=\u00a0\u00bbon\u00a0\u00bb auto_speed=\u00a0\u00bb5000&Prime; use_border_color=\u00a0\u00bboff\u00a0\u00bb border_color=\u00a0\u00bb#ffffff\u00a0\u00bb border_style=\u00a0\u00bbsolid\u00a0\u00bb] [\/et_pb_gallery][\/et_pb_column][et_pb_column type=\u00a0\u00bb1_2&Prime; _builder_version=\u00a0\u00bb3.25&Prime; custom_padding=\u00a0\u00bb|||\u00a0\u00bb custom_padding__hover=\u00a0\u00bb|||\u00a0\u00bb][et_pb_text admin_label=\u00a0\u00bbText\u00a0\u00bb _builder_version=\u00a0\u00bb3.27.4&Prime; background_size=\u00a0\u00bbinitial\u00a0\u00bb background_position=\u00a0\u00bbtop_left\u00a0\u00bb background_repeat=\u00a0\u00bbrepeat\u00a0\u00bb use_border_color=\u00a0\u00bboff\u00a0\u00bb border_color=\u00a0\u00bb#ffffff\u00a0\u00bb border_style=\u00a0\u00bbsolid\u00a0\u00bb]<\/p>\n<h2><strong>Processus et machinerie<\/strong><\/h2>\n<p>Nous sommes une entreprise productive sp\u00e9cialis\u00e9e dans la fabrication de composants m\u00e9talliques et focalis\u00e9e dans le secteur automobile.<\/p>\n<h5>Coupage<\/h5>\n<p class=\"texto\">1 lignes de coupe automatique<\/p>\n<h5>Conform\u00e9 Extr\u00e9mit\u00e9s<\/h5>\n<p class=\"texto\">3 machines conform\u00e9 de tube<\/p>\n<h5>Formage de tube<\/h5>\n<p class=\"texto\">1 machines CNC \u220516mm. alimentation automatique<br \/>2 machines CNC \u220520mm. alimentation automatique<br \/>1 machine CNC \u220525mm. alimentation automatique<br \/>1 machine CNC \u220532mm. alimentation automatique<\/p>\n<h5>Processus du traitement de tige<\/h5>\n<p>4 machines de traitement de tige<\/p>\n<h5>Formage de lige<\/h5>\n<p class=\"texto\">1 machine CNC \u220510mm.<br \/>1 machine CNC \u220512,7mm.<br \/>1 machine CNC \u220514mm.<\/p>\n<h5>Press<\/h5>\n<p class=\"texto\">5 presses m\u00e9caniques<br \/>3 presses hydrauliques<\/p>\n<h5>Soudage<\/h5>\n<p class=\"texto\">5 lignes de soudure par fil automatiques<br \/>2 machines soudure par r\u00e9sistance<\/p>\n<p>[\/et_pb_text][\/et_pb_column][\/et_pb_row][\/et_pb_section][et_pb_section fb_built=\u00a0\u00bb1&Prime; fullwidth=\u00a0\u00bbon\u00a0\u00bb admin_label=\u00a0\u00bbSecci\u00f3n\u00a0\u00bb _builder_version=\u00a0\u00bb3.22&Prime; background_color=\u00a0\u00bb#051d5b\u00a0\u00bb transparent_background=\u00a0\u00bboff\u00a0\u00bb make_fullwidth=\u00a0\u00bboff\u00a0\u00bb use_custom_width=\u00a0\u00bboff\u00a0\u00bb width_unit=\u00a0\u00bbon\u00a0\u00bb custom_width_px=\u00a0\u00bb1080px\u00a0\u00bb custom_width_percent=\u00a0\u00bb80%\u00a0\u00bb][et_pb_fullwidth_post_title meta=\u00a0\u00bboff\u00a0\u00bb featured_image=\u00a0\u00bboff\u00a0\u00bb text_color=\u00a0\u00bblight\u00a0\u00bb admin_label=\u00a0\u00bbT\u00edtulo de publicaci\u00f3n de anchura completa\u00a0\u00bb _builder_version=\u00a0\u00bb3.0.87&Prime; title_font=\u00a0\u00bb|||on|\u00a0\u00bb title_font_size=\u00a0\u00bb39px\u00a0\u00bb background_color=\u00a0\u00bbrgba(255,255,255,0)\u00a0\u00bb parallax=\u00a0\u00bbon\u00a0\u00bb parallax_method=\u00a0\u00bboff\u00a0\u00bb custom_margin=\u00a0\u00bb|||\u00a0\u00bb custom_padding=\u00a0\u00bb3em|1em|3em|1em\u00a0\u00bb parallax_effect=\u00a0\u00bbon\u00a0\u00bb module_bg_color=\u00a0\u00bbrgba(255,255,255,0)\u00a0\u00bb use_border_color=\u00a0\u00bboff\u00a0\u00bb border_color=\u00a0\u00bb#ffffff\u00a0\u00bb border_style=\u00a0\u00bbsolid\u00a0\u00bb] [\/et_pb_fullwidth_post_title][\/et_pb_section][et_pb_section fb_built=\u00a0\u00bb1&Prime; admin_label=\u00a0\u00bbsection\u00a0\u00bb _builder_version=\u00a0\u00bb3.22&Prime; transparent_background=\u00a0\u00bboff\u00a0\u00bb make_fullwidth=\u00a0\u00bboff\u00a0\u00bb use_custom_width=\u00a0\u00bboff\u00a0\u00bb width_unit=\u00a0\u00bboff\u00a0\u00bb custom_width_px=\u00a0\u00bb1080px\u00a0\u00bb custom_width_percent=\u00a0\u00bb80%\u00a0\u00bb][et_pb_row admin_label=\u00a0\u00bbFila\u00a0\u00bb _builder_version=\u00a0\u00bb3.25&Prime; background_size=\u00a0\u00bbinitial\u00a0\u00bb background_position=\u00a0\u00bbtop_left\u00a0\u00bb background_repeat=\u00a0\u00bbrepeat\u00a0\u00bb column_structure=\u00a0\u00bb1_2,1_2&Prime;][et_pb_column type=\u00a0\u00bb1_2&Prime; _builder_version=\u00a0\u00bb3.25&Prime; custom_padding=\u00a0\u00bb|||\u00a0\u00bb custom_padding__hover=\u00a0\u00bb|||\u00a0\u00bb][et_pb_gallery gallery_ids=\u00a0\u00bb142,275&Prime; fullwidth=\u00a0\u00bbon\u00a0\u00bb admin_label=\u00a0\u00bbGaler\u00eda\u00a0\u00bb _builder_version=\u00a0\u00bb3.0.87&Prime; auto=\u00a0\u00bbon\u00a0\u00bb auto_speed=\u00a0\u00bb5000&Prime; use_border_color=\u00a0\u00bboff\u00a0\u00bb border_color=\u00a0\u00bb#ffffff\u00a0\u00bb border_style=\u00a0\u00bbsolid\u00a0\u00bb] [\/et_pb_gallery][\/et_pb_column][et_pb_column type=\u00a0\u00bb1_2&Prime; _builder_version=\u00a0\u00bb3.25&Prime; custom_padding=\u00a0\u00bb|||\u00a0\u00bb custom_padding__hover=\u00a0\u00bb|||\u00a0\u00bb][et_pb_text admin_label=\u00a0\u00bbText\u00a0\u00bb _builder_version=\u00a0\u00bb3.27.4&Prime; background_size=\u00a0\u00bbinitial\u00a0\u00bb background_position=\u00a0\u00bbtop_left\u00a0\u00bb background_repeat=\u00a0\u00bbrepeat\u00a0\u00bb use_border_color=\u00a0\u00bboff\u00a0\u00bb border_color=\u00a0\u00bb#ffffff\u00a0\u00bb border_style=\u00a0\u00bbsolid\u00a0\u00bb]<\/p>\n<h2><strong>Verfahren und Maschinen<\/strong><\/h2>\n<p>Wir sind ein Produktionsbetrieb, der sich auf die Herstellung von Metallteilen f\u00fcr die Automobilbranche spezialisiert hat.<\/p>\n<h5>Schneidemaschinen<\/h5>\n<p class=\"texto\">1 automatische Beschneidestrassen<\/p>\n<h5>Profilumformmaschinen<\/h5>\n<p class=\"texto\">3 Rohrformmaschinen<\/p>\n<h5>Rohrbiegemaschinen<\/h5>\n<p class=\"texto\">1 CNC-Maschinen \u2205 16mm. mit automatischer Zuf\u00fchrung .<br \/>2 CNC-Maschinen \u2205 20mm. mit automatischer Zuf\u00fchrung.<br \/>1 CNC-Maschinen \u2205 25mm. mit automatischer Zuf\u00fchrung.<br \/>1 CNC-Maschinen \u2205 32mm. mit automatischer Zuf\u00fchrung.<\/p>\n<h5>Herstellungsprozess von Stangen<\/h5>\n<p>4 Maschinen f\u00fcr die Formung von Metallstangen<\/p>\n<h5>Biegemaschine<\/h5>\n<p class=\"texto\">1 CNC-Maschinen \u2205 10 mm .<br \/>1 CNC-Maschinen \u2205 12,7 mm .<br \/>1 CNC-Maschinen \u2205 14 mm .<\/p>\n<h5>Pressmaschinen<\/h5>\n<p class=\"texto\">5 mechanische Pressmaschinen<br \/>3 hydraulische Pressmaschinen<\/p>\n<h5>Schweissmaschinen<\/h5>\n<p class=\"texto\">5 automatische Punktschweissstrassen<br \/>2 Widerstandsschweissmaschinen<\/p>\n<p>[\/et_pb_text][\/et_pb_column][\/et_pb_row][\/et_pb_section][et_pb_section fb_built=\u00a0\u00bb1&Prime; _builder_version=\u00a0\u00bb4.9.4&Prime; _module_preset=\u00a0\u00bbdefault\u00a0\u00bb][et_pb_row _builder_version=\u00a0\u00bb4.9.4&Prime; _module_preset=\u00a0\u00bbdefault\u00a0\u00bb][et_pb_column _builder_version=\u00a0\u00bb4.9.4&Prime; _module_preset=\u00a0\u00bbdefault\u00a0\u00bb][:es _i=\u00a0\u00bb0&Prime; _address=\u00a0\u00bb0&Prime; \/][:en _i=\u00a0\u00bb3&Prime; _address=\u00a0\u00bb3&Prime; \/][:fr _i=\u00a0\u00bb6&Prime; _address=\u00a0\u00bb6&Prime; \/][:de _i=\u00a0\u00bb9&Prime; _address=\u00a0\u00bb9&Prime; \/][: _i=\u00a0\u00bb12&Prime; _address=\u00a0\u00bb12&Prime; \/][\/et_pb_column][\/et_pb_row][\/et_pb_section]<\/p>\n","protected":false},"excerpt":{"rendered":"<p>Procesos y maquinaria Somos una empresa productiva especializada en la fabricaci\u00f3n de componentes met\u00e1licos y focalizadada en el sector de la automoci\u00f3n. Proceso de corte 1 l\u00edneas de corte autom\u00e1tica Proceso de conformado extremos 3 m\u00e1quinas conformado de tubo Proceso de curvado tubo 1 m\u00e1quina CNC 16mm. alimentaci\u00f3n autom\u00e1tica2 m\u00e1quinas CNC 20mm. alimentaci\u00f3n autom\u00e1tica1 m\u00e1quina [&hellip;]<\/p>\n","protected":false},"author":1,"featured_media":0,"parent":0,"menu_order":0,"comment_status":"closed","ping_status":"closed","template":"","meta":{"_et_pb_use_builder":"on","_et_pb_old_content":"<h5>\u00a0 <\/h5><p>\u00a0<\/p>","_et_gb_content_width":"","footnotes":""},"class_list":["post-40","page","type-page","status-publish","hentry"],"_links":{"self":[{"href":"https:\/\/sanlo.es\/fr\/wp-json\/wp\/v2\/pages\/40"}],"collection":[{"href":"https:\/\/sanlo.es\/fr\/wp-json\/wp\/v2\/pages"}],"about":[{"href":"https:\/\/sanlo.es\/fr\/wp-json\/wp\/v2\/types\/page"}],"author":[{"embeddable":true,"href":"https:\/\/sanlo.es\/fr\/wp-json\/wp\/v2\/users\/1"}],"replies":[{"embeddable":true,"href":"https:\/\/sanlo.es\/fr\/wp-json\/wp\/v2\/comments?post=40"}],"version-history":[{"count":25,"href":"https:\/\/sanlo.es\/fr\/wp-json\/wp\/v2\/pages\/40\/revisions"}],"predecessor-version":[{"id":792,"href":"https:\/\/sanlo.es\/fr\/wp-json\/wp\/v2\/pages\/40\/revisions\/792"}],"wp:attachment":[{"href":"https:\/\/sanlo.es\/fr\/wp-json\/wp\/v2\/media?parent=40"}],"curies":[{"name":"wp","href":"https:\/\/api.w.org\/{rel}","templated":true}]}}