{"id":750,"date":"2021-05-25T12:04:56","date_gmt":"2021-05-25T12:04:56","guid":{"rendered":"http:\/\/sanlo.es\/?page_id=750"},"modified":"2021-05-25T12:39:26","modified_gmt":"2021-05-25T12:39:26","slug":"politica-de-cookies","status":"publish","type":"page","link":"https:\/\/sanlo.es\/fr\/politica-de-cookies\/","title":{"rendered":"(Espa\u00f1ol) Pol\u00edtica de cookies"},"content":{"rendered":"<p class=\"qtranxs-available-languages-message qtranxs-available-languages-message-fr\">D\u00e9sol\u00e9, cet article est seulement disponible en <a href=\"https:\/\/sanlo.es\/es\/wp-json\/wp\/v2\/pages\/750\" class=\"qtranxs-available-language-link qtranxs-available-language-link-es\" title=\"Espa\u00f1ol\">Espa\u00f1ol<\/a>.<\/p>","protected":false},"excerpt":{"rendered":"<p>D\u00e9sol\u00e9, cet article est seulement disponible en Espa\u00f1ol.<\/p>\n","protected":false},"author":1,"featured_media":0,"parent":0,"menu_order":0,"comment_status":"closed","ping_status":"closed","template":"","meta":{"_et_pb_use_builder":"","_et_pb_old_content":"","_et_gb_content_width":"","footnotes":""},"class_list":["post-750","page","type-page","status-publish","hentry"],"_links":{"self":[{"href":"https:\/\/sanlo.es\/fr\/wp-json\/wp\/v2\/pages\/750"}],"collection":[{"href":"https:\/\/sanlo.es\/fr\/wp-json\/wp\/v2\/pages"}],"about":[{"href":"https:\/\/sanlo.es\/fr\/wp-json\/wp\/v2\/types\/page"}],"author":[{"embeddable":true,"href":"https:\/\/sanlo.es\/fr\/wp-json\/wp\/v2\/users\/1"}],"replies":[{"embeddable":true,"href":"https:\/\/sanlo.es\/fr\/wp-json\/wp\/v2\/comments?post=750"}],"version-history":[{"count":1,"href":"https:\/\/sanlo.es\/fr\/wp-json\/wp\/v2\/pages\/750\/revisions"}],"predecessor-version":[{"id":751,"href":"https:\/\/sanlo.es\/fr\/wp-json\/wp\/v2\/pages\/750\/revisions\/751"}],"wp:attachment":[{"href":"https:\/\/sanlo.es\/fr\/wp-json\/wp\/v2\/media?parent=750"}],"curies":[{"name":"wp","href":"https:\/\/api.w.org\/{rel}","templated":true}]}}